{"id":13492,"date":"2026-03-05T12:03:26","date_gmt":"2026-03-05T12:03:26","guid":{"rendered":"https:\/\/uniquejourneyss.shop\/?post_type=product&#038;p=13492"},"modified":"2026-03-09T15:33:46","modified_gmt":"2026-03-09T15:33:46","slug":"android-smartphone-6-8-inch-large-screen-664gb-rom-dual-sim-phone-20mp-4000mah-battery-octa-core-processor-phone","status":"publish","type":"product","link":"https:\/\/uniquejourneyss.shop\/es\/producto\/android-smartphone-6-8-inch-large-screen-664gb-rom-dual-sim-phone-20mp-4000mah-battery-octa-core-processor-phone\/","title":{"rendered":"Smartphone Android, 6.8 pulgadas de pantalla grande 6+64GB ROM Dual SIM Tel\u00e9fono, 20MP 4000mAh Bater\u00eda Octa-core Procesador de Tel\u00e9fono"},"content":{"rendered":"<div data-elementor-type=\"product-post\" data-elementor-id=\"13492\" class=\"elementor elementor-13492\" data-elementor-post-type=\"product\">\n\t\t\t\t<div class=\"elementor-element elementor-element-7c9704b1 e-flex e-con-boxed e-con e-parent\" data-id=\"7c9704b1\" data-element_type=\"container\" data-settings=\"{&quot;ekit_has_onepagescroll_dot&quot;:&quot;yes&quot;}\">\n\t\t\t\t\t<div class=\"e-con-inner\">\n\t\t\t\t<div class=\"elementor-element elementor-element-56a31266 elementor-widget elementor-widget-image\" data-id=\"56a31266\" data-element_type=\"widget\" data-settings=\"{&quot;ekit_we_effect_on&quot;:&quot;none&quot;}\" data-widget_type=\"image.default\">\n\t\t\t\t<div class=\"elementor-widget-container\">\n\t\t\t\t\t\t\t\t\t\t\t\t\t\t\t<img loading=\"lazy\" decoding=\"async\" width=\"800\" height=\"800\" src=\"https:\/\/uniquejourneyss.shop\/wp-content\/uploads\/2026\/03\/b0a138f4e5c642b3850a594044a0e316_tplv-fhlh96nyum-resize-jpeg_800_800-1.jpg\" class=\"attachment-full size-full wp-image-13507 wvs-archive-product-image\" alt=\"\" srcset=\"https:\/\/uniquejourneyss.shop\/wp-content\/uploads\/2026\/03\/b0a138f4e5c642b3850a594044a0e316_tplv-fhlh96nyum-resize-jpeg_800_800-1.jpg 800w, https:\/\/uniquejourneyss.shop\/wp-content\/uploads\/2026\/03\/b0a138f4e5c642b3850a594044a0e316_tplv-fhlh96nyum-resize-jpeg_800_800-1-300x300.jpg 300w, https:\/\/uniquejourneyss.shop\/wp-content\/uploads\/2026\/03\/b0a138f4e5c642b3850a594044a0e316_tplv-fhlh96nyum-resize-jpeg_800_800-1-150x150.jpg 150w, https:\/\/uniquejourneyss.shop\/wp-content\/uploads\/2026\/03\/b0a138f4e5c642b3850a594044a0e316_tplv-fhlh96nyum-resize-jpeg_800_800-1-768x768.jpg 768w, https:\/\/uniquejourneyss.shop\/wp-content\/uploads\/2026\/03\/b0a138f4e5c642b3850a594044a0e316_tplv-fhlh96nyum-resize-jpeg_800_800-1-12x12.jpg 12w, https:\/\/uniquejourneyss.shop\/wp-content\/uploads\/2026\/03\/b0a138f4e5c642b3850a594044a0e316_tplv-fhlh96nyum-resize-jpeg_800_800-1-600x600.jpg 600w, https:\/\/uniquejourneyss.shop\/wp-content\/uploads\/2026\/03\/b0a138f4e5c642b3850a594044a0e316_tplv-fhlh96nyum-resize-jpeg_800_800-1-100x100.jpg 100w, https:\/\/uniquejourneyss.shop\/wp-content\/uploads\/2026\/03\/b0a138f4e5c642b3850a594044a0e316_tplv-fhlh96nyum-resize-jpeg_800_800-1-50x50.jpg 50w, https:\/\/uniquejourneyss.shop\/wp-content\/uploads\/2026\/03\/b0a138f4e5c642b3850a594044a0e316_tplv-fhlh96nyum-resize-jpeg_800_800-1-1x1.jpg 1w, https:\/\/uniquejourneyss.shop\/wp-content\/uploads\/2026\/03\/b0a138f4e5c642b3850a594044a0e316_tplv-fhlh96nyum-resize-jpeg_800_800-1-10x10.jpg 10w\" sizes=\"auto, (max-width: 800px) 100vw, 800px\" \/>\t\t\t\t\t\t\t\t\t\t\t\t\t\t\t<\/div>\n\t\t\t\t<\/div>\n\t\t\t\t<div class=\"elementor-element elementor-element-29ce983a elementor-widget elementor-widget-image\" data-id=\"29ce983a\" data-element_type=\"widget\" data-settings=\"{&quot;ekit_we_effect_on&quot;:&quot;none&quot;}\" data-widget_type=\"image.default\">\n\t\t\t\t<div class=\"elementor-widget-container\">\n\t\t\t\t\t\t\t\t\t\t\t\t\t\t\t<img loading=\"lazy\" decoding=\"async\" width=\"800\" height=\"800\" src=\"https:\/\/uniquejourneyss.shop\/wp-content\/uploads\/2026\/03\/86700916d7024e9d8fdaf5a687829b71_tplv-fhlh96nyum-resize-jpeg_800_800-1.jpg\" class=\"attachment-full size-full wp-image-13508 wvs-archive-product-image\" alt=\"\" srcset=\"https:\/\/uniquejourneyss.shop\/wp-content\/uploads\/2026\/03\/86700916d7024e9d8fdaf5a687829b71_tplv-fhlh96nyum-resize-jpeg_800_800-1.jpg 800w, https:\/\/uniquejourneyss.shop\/wp-content\/uploads\/2026\/03\/86700916d7024e9d8fdaf5a687829b71_tplv-fhlh96nyum-resize-jpeg_800_800-1-300x300.jpg 300w, https:\/\/uniquejourneyss.shop\/wp-content\/uploads\/2026\/03\/86700916d7024e9d8fdaf5a687829b71_tplv-fhlh96nyum-resize-jpeg_800_800-1-150x150.jpg 150w, https:\/\/uniquejourneyss.shop\/wp-content\/uploads\/2026\/03\/86700916d7024e9d8fdaf5a687829b71_tplv-fhlh96nyum-resize-jpeg_800_800-1-768x768.jpg 768w, https:\/\/uniquejourneyss.shop\/wp-content\/uploads\/2026\/03\/86700916d7024e9d8fdaf5a687829b71_tplv-fhlh96nyum-resize-jpeg_800_800-1-12x12.jpg 12w, https:\/\/uniquejourneyss.shop\/wp-content\/uploads\/2026\/03\/86700916d7024e9d8fdaf5a687829b71_tplv-fhlh96nyum-resize-jpeg_800_800-1-600x600.jpg 600w, https:\/\/uniquejourneyss.shop\/wp-content\/uploads\/2026\/03\/86700916d7024e9d8fdaf5a687829b71_tplv-fhlh96nyum-resize-jpeg_800_800-1-100x100.jpg 100w, https:\/\/uniquejourneyss.shop\/wp-content\/uploads\/2026\/03\/86700916d7024e9d8fdaf5a687829b71_tplv-fhlh96nyum-resize-jpeg_800_800-1-50x50.jpg 50w, https:\/\/uniquejourneyss.shop\/wp-content\/uploads\/2026\/03\/86700916d7024e9d8fdaf5a687829b71_tplv-fhlh96nyum-resize-jpeg_800_800-1-1x1.jpg 1w, https:\/\/uniquejourneyss.shop\/wp-content\/uploads\/2026\/03\/86700916d7024e9d8fdaf5a687829b71_tplv-fhlh96nyum-resize-jpeg_800_800-1-10x10.jpg 10w\" sizes=\"auto, (max-width: 800px) 100vw, 800px\" \/>\t\t\t\t\t\t\t\t\t\t\t\t\t\t\t<\/div>\n\t\t\t\t<\/div>\n\t\t\t\t<div class=\"elementor-element elementor-element-59274a7b elementor-widget elementor-widget-image\" data-id=\"59274a7b\" data-element_type=\"widget\" data-settings=\"{&quot;ekit_we_effect_on&quot;:&quot;none&quot;}\" data-widget_type=\"image.default\">\n\t\t\t\t<div class=\"elementor-widget-container\">\n\t\t\t\t\t\t\t\t\t\t\t\t\t\t\t<img loading=\"lazy\" decoding=\"async\" width=\"800\" height=\"800\" src=\"https:\/\/uniquejourneyss.shop\/wp-content\/uploads\/2026\/03\/0ee15258c64d41c691d9111517e52e7c_tplv-fhlh96nyum-resize-jpeg_800_800-1.jpg\" class=\"attachment-full size-full wp-image-13509 wvs-archive-product-image\" alt=\"\" srcset=\"https:\/\/uniquejourneyss.shop\/wp-content\/uploads\/2026\/03\/0ee15258c64d41c691d9111517e52e7c_tplv-fhlh96nyum-resize-jpeg_800_800-1.jpg 800w, https:\/\/uniquejourneyss.shop\/wp-content\/uploads\/2026\/03\/0ee15258c64d41c691d9111517e52e7c_tplv-fhlh96nyum-resize-jpeg_800_800-1-300x300.jpg 300w, https:\/\/uniquejourneyss.shop\/wp-content\/uploads\/2026\/03\/0ee15258c64d41c691d9111517e52e7c_tplv-fhlh96nyum-resize-jpeg_800_800-1-150x150.jpg 150w, https:\/\/uniquejourneyss.shop\/wp-content\/uploads\/2026\/03\/0ee15258c64d41c691d9111517e52e7c_tplv-fhlh96nyum-resize-jpeg_800_800-1-768x768.jpg 768w, https:\/\/uniquejourneyss.shop\/wp-content\/uploads\/2026\/03\/0ee15258c64d41c691d9111517e52e7c_tplv-fhlh96nyum-resize-jpeg_800_800-1-12x12.jpg 12w, https:\/\/uniquejourneyss.shop\/wp-content\/uploads\/2026\/03\/0ee15258c64d41c691d9111517e52e7c_tplv-fhlh96nyum-resize-jpeg_800_800-1-600x600.jpg 600w, https:\/\/uniquejourneyss.shop\/wp-content\/uploads\/2026\/03\/0ee15258c64d41c691d9111517e52e7c_tplv-fhlh96nyum-resize-jpeg_800_800-1-100x100.jpg 100w, https:\/\/uniquejourneyss.shop\/wp-content\/uploads\/2026\/03\/0ee15258c64d41c691d9111517e52e7c_tplv-fhlh96nyum-resize-jpeg_800_800-1-50x50.jpg 50w, https:\/\/uniquejourneyss.shop\/wp-content\/uploads\/2026\/03\/0ee15258c64d41c691d9111517e52e7c_tplv-fhlh96nyum-resize-jpeg_800_800-1-1x1.jpg 1w, https:\/\/uniquejourneyss.shop\/wp-content\/uploads\/2026\/03\/0ee15258c64d41c691d9111517e52e7c_tplv-fhlh96nyum-resize-jpeg_800_800-1-10x10.jpg 10w\" sizes=\"auto, (max-width: 800px) 100vw, 800px\" \/>\t\t\t\t\t\t\t\t\t\t\t\t\t\t\t<\/div>\n\t\t\t\t<\/div>\n\t\t\t\t<div class=\"elementor-element elementor-element-5165fc92 elementor-widget elementor-widget-image\" data-id=\"5165fc92\" data-element_type=\"widget\" data-settings=\"{&quot;ekit_we_effect_on&quot;:&quot;none&quot;}\" data-widget_type=\"image.default\">\n\t\t\t\t<div class=\"elementor-widget-container\">\n\t\t\t\t\t\t\t\t\t\t\t\t\t\t\t<img loading=\"lazy\" decoding=\"async\" width=\"800\" height=\"800\" src=\"https:\/\/uniquejourneyss.shop\/wp-content\/uploads\/2026\/03\/62fbc85d2be84753ad23a7aa33cf6911_tplv-fhlh96nyum-resize-jpeg_800_800-1.jpg\" class=\"attachment-full size-full wp-image-13510 wvs-archive-product-image\" alt=\"\" srcset=\"https:\/\/uniquejourneyss.shop\/wp-content\/uploads\/2026\/03\/62fbc85d2be84753ad23a7aa33cf6911_tplv-fhlh96nyum-resize-jpeg_800_800-1.jpg 800w, https:\/\/uniquejourneyss.shop\/wp-content\/uploads\/2026\/03\/62fbc85d2be84753ad23a7aa33cf6911_tplv-fhlh96nyum-resize-jpeg_800_800-1-300x300.jpg 300w, https:\/\/uniquejourneyss.shop\/wp-content\/uploads\/2026\/03\/62fbc85d2be84753ad23a7aa33cf6911_tplv-fhlh96nyum-resize-jpeg_800_800-1-150x150.jpg 150w, https:\/\/uniquejourneyss.shop\/wp-content\/uploads\/2026\/03\/62fbc85d2be84753ad23a7aa33cf6911_tplv-fhlh96nyum-resize-jpeg_800_800-1-768x768.jpg 768w, https:\/\/uniquejourneyss.shop\/wp-content\/uploads\/2026\/03\/62fbc85d2be84753ad23a7aa33cf6911_tplv-fhlh96nyum-resize-jpeg_800_800-1-12x12.jpg 12w, https:\/\/uniquejourneyss.shop\/wp-content\/uploads\/2026\/03\/62fbc85d2be84753ad23a7aa33cf6911_tplv-fhlh96nyum-resize-jpeg_800_800-1-600x600.jpg 600w, https:\/\/uniquejourneyss.shop\/wp-content\/uploads\/2026\/03\/62fbc85d2be84753ad23a7aa33cf6911_tplv-fhlh96nyum-resize-jpeg_800_800-1-100x100.jpg 100w, https:\/\/uniquejourneyss.shop\/wp-content\/uploads\/2026\/03\/62fbc85d2be84753ad23a7aa33cf6911_tplv-fhlh96nyum-resize-jpeg_800_800-1-50x50.jpg 50w, https:\/\/uniquejourneyss.shop\/wp-content\/uploads\/2026\/03\/62fbc85d2be84753ad23a7aa33cf6911_tplv-fhlh96nyum-resize-jpeg_800_800-1-1x1.jpg 1w, https:\/\/uniquejourneyss.shop\/wp-content\/uploads\/2026\/03\/62fbc85d2be84753ad23a7aa33cf6911_tplv-fhlh96nyum-resize-jpeg_800_800-1-10x10.jpg 10w\" sizes=\"auto, (max-width: 800px) 100vw, 800px\" \/>\t\t\t\t\t\t\t\t\t\t\t\t\t\t\t<\/div>\n\t\t\t\t<\/div>\n\t\t\t\t<div class=\"elementor-element elementor-element-7da94b59 elementor-widget elementor-widget-image\" data-id=\"7da94b59\" data-element_type=\"widget\" data-settings=\"{&quot;ekit_we_effect_on&quot;:&quot;none&quot;}\" data-widget_type=\"image.default\">\n\t\t\t\t<div class=\"elementor-widget-container\">\n\t\t\t\t\t\t\t\t\t\t\t\t\t\t\t<img loading=\"lazy\" decoding=\"async\" width=\"800\" height=\"800\" src=\"https:\/\/uniquejourneyss.shop\/wp-content\/uploads\/2026\/03\/9857f00637d14156b2fca818d03cec52_tplv-fhlh96nyum-resize-jpeg_800_800-1.jpg\" class=\"attachment-full size-full wp-image-13511 wvs-archive-product-image\" alt=\"\" srcset=\"https:\/\/uniquejourneyss.shop\/wp-content\/uploads\/2026\/03\/9857f00637d14156b2fca818d03cec52_tplv-fhlh96nyum-resize-jpeg_800_800-1.jpg 800w, https:\/\/uniquejourneyss.shop\/wp-content\/uploads\/2026\/03\/9857f00637d14156b2fca818d03cec52_tplv-fhlh96nyum-resize-jpeg_800_800-1-300x300.jpg 300w, https:\/\/uniquejourneyss.shop\/wp-content\/uploads\/2026\/03\/9857f00637d14156b2fca818d03cec52_tplv-fhlh96nyum-resize-jpeg_800_800-1-150x150.jpg 150w, https:\/\/uniquejourneyss.shop\/wp-content\/uploads\/2026\/03\/9857f00637d14156b2fca818d03cec52_tplv-fhlh96nyum-resize-jpeg_800_800-1-768x768.jpg 768w, https:\/\/uniquejourneyss.shop\/wp-content\/uploads\/2026\/03\/9857f00637d14156b2fca818d03cec52_tplv-fhlh96nyum-resize-jpeg_800_800-1-12x12.jpg 12w, https:\/\/uniquejourneyss.shop\/wp-content\/uploads\/2026\/03\/9857f00637d14156b2fca818d03cec52_tplv-fhlh96nyum-resize-jpeg_800_800-1-600x600.jpg 600w, https:\/\/uniquejourneyss.shop\/wp-content\/uploads\/2026\/03\/9857f00637d14156b2fca818d03cec52_tplv-fhlh96nyum-resize-jpeg_800_800-1-100x100.jpg 100w, https:\/\/uniquejourneyss.shop\/wp-content\/uploads\/2026\/03\/9857f00637d14156b2fca818d03cec52_tplv-fhlh96nyum-resize-jpeg_800_800-1-50x50.jpg 50w, https:\/\/uniquejourneyss.shop\/wp-content\/uploads\/2026\/03\/9857f00637d14156b2fca818d03cec52_tplv-fhlh96nyum-resize-jpeg_800_800-1-1x1.jpg 1w, https:\/\/uniquejourneyss.shop\/wp-content\/uploads\/2026\/03\/9857f00637d14156b2fca818d03cec52_tplv-fhlh96nyum-resize-jpeg_800_800-1-10x10.jpg 10w\" sizes=\"auto, (max-width: 800px) 100vw, 800px\" \/>\t\t\t\t\t\t\t\t\t\t\t\t\t\t\t<\/div>\n\t\t\t\t<\/div>\n\t\t\t\t<div class=\"elementor-element elementor-element-712da270 elementor-widget elementor-widget-text-editor\" data-id=\"712da270\" data-element_type=\"widget\" data-settings=\"{&quot;ekit_we_effect_on&quot;:&quot;none&quot;}\" data-widget_type=\"text-editor.default\">\n\t\t\t\t<div class=\"elementor-widget-container\">\n\t\t\t\t\t\t\t\t\t<p><span class=\"a-list-item\">Pantalla HD de 6,8 pulgadas con resoluci\u00f3n 3040*1440 m\u00f3viles 5G, ofrecen colores m\u00e1s vibrantes y contrastes m\u00e1s fuertes. Cuerpo de aluminio de magnesio. Reconocimiento facial, desbloqueo de huella dactilar en pantalla para proteger su privacidad. c\u00f3modo de sostener. Adopta reconocimiento facial y desbloqueo por huella dactilar en pantalla para proteger mejor tu privacidad.<\/span><\/p><p><span class=\"a-list-item\">Experimenta una seguridad sin complicaciones con el desbloqueo por reconocimiento facial y huella dactilar, eliminando la necesidad de contrase\u00f1as complejas. El tel\u00e9fono desbloqueado combina seguridad y comodidad a la perfecci\u00f3n, ofreciendo una experiencia de desbloqueo sin complicaciones.<\/span><\/p><p><span class=\"a-list-item\">WIRELESS ILIMITADO con la tecnolog\u00eda de America'a Smart Network. Hemos unido tres de las redes 5G\/4G de Estados Unidos para ofrecerte una cobertura nacional sin igual. Ahora, te beneficias de la fuerza combinada no solo de una, sino de cuatro redes, lo que garantiza una conectividad ininterrumpida est\u00e9s donde est\u00e9s.<\/span><\/p>\t\t\t\t\t\t\t\t<\/div>\n\t\t\t\t<\/div>\n\t\t\t\t<div class=\"elementor-element elementor-element-136d40f5 elementor-widget elementor-widget-text-editor\" data-id=\"136d40f5\" data-element_type=\"widget\" data-settings=\"{&quot;ekit_we_effect_on&quot;:&quot;none&quot;}\" data-widget_type=\"text-editor.default\">\n\t\t\t\t<div class=\"elementor-widget-container\">\n\t\t\t\t\t\t\t\t\t<!DOCTYPE html>\n<html lang=\"es\">\n<head>\n    <meta charset=\"UTF-8\">\n    <meta name=\"viewport\" content=\"width=device-width, initial-scale=1.0\">\n    <title>Technical Details &#8211; Product Specifications<\/title>\n    <style>\n        * {\n            margin: 0;\n            padding: 0;\n            box-sizing: border-box;\n            font-family: 'Segoe UI', Tahoma, Geneva, Verdana, sans-serif;\n        }\n        \n        body {\n            color: #333;\n            padding: 20px;\n            line-height: 1.6;\n        }\n        \n        .container {\n            max-width: 800px;\n            margin: 0 auto;\n        }\n        \n        h1 {\n            font-size: 24px;\n            margin-bottom: 20px;\n            color: #333;\n            text-align: left;\n        }\n        \n        .spec-table {\n            width: 100%;\n            border-collapse: collapse;\n        }\n        \n        .spec-table tr {\n            border-bottom: 1px solid #ddd;\n        }\n        \n        .spec-table tr:last-child {\n            border-bottom: none;\n        }\n        \n        .spec-table td {\n            padding: 12px 15px;\n            text-align: left;\n            vertical-align: top;\n        }\n        \n        .spec-table td:first-child {\n            font-weight: 600;\n            color: #333;\n            width: 45%;\n        }\n        \n        .spec-table td:last-child {\n            color: #555;\n        }\n        \n        @media (max-width: 768px) {\n            body {\n                padding: 10px;\n            }\n            \n            .spec-table td {\n                padding: 10px 12px;\n                display: block;\n                width: 100%;\n            }\n            \n            .spec-table td:first-child {\n                width: 100%;\n                padding-bottom: 5px;\n                border-bottom: 1px dashed #ddd;\n                margin-bottom: 5px;\n            }\n            \n            .spec-table tr {\n                border-bottom: 1px solid #ddd;\n            }\n        }\n    <\/style>\n<\/head>\n<body>\n    <div class=\"container\">\n        <h1>Detalles t\u00e9cnicos<\/h1>\n        \n        <table class=\"spec-table\">\n            <tr>\n                <td>Sistema operativo<\/td>\n                <td>Android 13.0<\/td>\n            <\/tr>\n            <tr>\n                <td>Tama\u00f1o de memoria RAM instalada<\/td>\n                <td>6 GB<\/td>\n            <\/tr>\n            <tr>\n                <td>Modelo de CPU<\/td>\n                <td>Snapdragon<\/td>\n            <\/tr>\n            <tr>\n                <td>Velocidad de la CPU<\/td>\n                <td>2,45 GHz<\/td>\n            <\/tr>\n            <tr>\n                <td>Capacidad de almacenamiento de memoria<\/td>\n                <td>64 GB<\/td>\n            <\/tr>\n            <tr>\n                <td>Tama\u00f1o de la pantalla<\/td>\n                <td>6,8 pulgadas<\/td>\n            <\/tr>\n            <tr>\n                <td>Resoluci\u00f3n<\/td>\n                <td>3040 x 1440<\/td>\n            <\/tr>\n        <\/table>\n    <\/div>\n<\/body>\n<\/html>\t\t\t\t\t\t\t\t<\/div>\n\t\t\t\t<\/div>\n\t\t\t\t\t<\/div>\n\t\t\t\t<\/div>\n\t\t\t\t<\/div>","protected":false},"excerpt":{"rendered":"<p>6.8-inch HD Screen with 3040*1440 resolution 5G cell phones, deliver more vibrant colors and stronger contrasts. Magnesium aluminum body. Facial&#8230;<\/p>","protected":false},"featured_media":13495,"comment_status":"open","ping_status":"closed","template":"","meta":{"_acf_changed":false},"etheme_brands":[],"product_brand":[],"product_cat":[118],"product_tag":[],"class_list":{"0":"post-13492","1":"product","2":"type-product","3":"status-publish","4":"has-post-thumbnail","6":"product_cat-sale-shop","8":"first","9":"instock","10":"sale","11":"shipping-taxable","12":"purchasable","13":"product-type-variable","14":"wvs-archive-product-wrapper"},"acf":[],"_links":{"self":[{"href":"https:\/\/uniquejourneyss.shop\/es\/wp-json\/wp\/v2\/product\/13492","targetHints":{"allow":["GET"]}}],"collection":[{"href":"https:\/\/uniquejourneyss.shop\/es\/wp-json\/wp\/v2\/product"}],"about":[{"href":"https:\/\/uniquejourneyss.shop\/es\/wp-json\/wp\/v2\/types\/product"}],"replies":[{"embeddable":true,"href":"https:\/\/uniquejourneyss.shop\/es\/wp-json\/wp\/v2\/comments?post=13492"}],"version-history":[{"count":4,"href":"https:\/\/uniquejourneyss.shop\/es\/wp-json\/wp\/v2\/product\/13492\/revisions"}],"predecessor-version":[{"id":13519,"href":"https:\/\/uniquejourneyss.shop\/es\/wp-json\/wp\/v2\/product\/13492\/revisions\/13519"}],"wp:featuredmedia":[{"embeddable":true,"href":"https:\/\/uniquejourneyss.shop\/es\/wp-json\/wp\/v2\/media\/13495"}],"wp:attachment":[{"href":"https:\/\/uniquejourneyss.shop\/es\/wp-json\/wp\/v2\/media?parent=13492"}],"wp:term":[{"taxonomy":"brand","embeddable":true,"href":"https:\/\/uniquejourneyss.shop\/es\/wp-json\/wp\/v2\/etheme_brands?post=13492"},{"taxonomy":"product_brand","embeddable":true,"href":"https:\/\/uniquejourneyss.shop\/es\/wp-json\/wp\/v2\/product_brand?post=13492"},{"taxonomy":"product_cat","embeddable":true,"href":"https:\/\/uniquejourneyss.shop\/es\/wp-json\/wp\/v2\/product_cat?post=13492"},{"taxonomy":"product_tag","embeddable":true,"href":"https:\/\/uniquejourneyss.shop\/es\/wp-json\/wp\/v2\/product_tag?post=13492"}],"curies":[{"name":"wp","href":"https:\/\/api.w.org\/{rel}","templated":true}]}}